{"id":147,"date":"2024-08-28T11:48:17","date_gmt":"2024-08-28T02:48:17","guid":{"rendered":"http:\/\/jvteam.jp\/?page_id=147"},"modified":"2024-12-13T20:39:21","modified_gmt":"2024-12-13T11:39:21","slug":"%e3%81%94%e6%8c%a8%e6%8b%b6","status":"publish","type":"page","link":"https:\/\/jvteam.jp\/?page_id=147","title":{"rendered":"\u3054\u6328\u62f6"},"content":{"rendered":"\n<div class=\"wp-block-columns is-layout-flex wp-container-core-columns-is-layout-9d6595d7 wp-block-columns-is-layout-flex\">\n<div class=\"wp-block-column is-layout-flow wp-block-column-is-layout-flow\" style=\"flex-basis:100%\">\n<pre class=\"wp-block-code\"><code><img loading=\"lazy\" decoding=\"async\" width=\"400\" height=\"298\" class=\"wp-image-250\" style=\"width: 400px;\" src=\"https:\/\/jvteam.jp\/wp-content\/uploads\/2024\/09\/\u6328\u62f6.png\" alt=\"\" srcset=\"https:\/\/jvteam.jp\/wp-content\/uploads\/2024\/09\/\u6328\u62f6.png 1437w, https:\/\/jvteam.jp\/wp-content\/uploads\/2024\/09\/\u6328\u62f6-300x223.png 300w, https:\/\/jvteam.jp\/wp-content\/uploads\/2024\/09\/\u6328\u62f6-1024x762.png 1024w, https:\/\/jvteam.jp\/wp-content\/uploads\/2024\/09\/\u6328\u62f6-768x572.png 768w\" sizes=\"auto, (max-width: 400px) 100vw, 400px\" \/><\/code><\/pre>\n<\/div>\n<\/div>\n\n\n\n<p><strong>\u4ee3\u8868\u6328\u62f6<\/strong><\/p>\n\n\n\n<p><strong>\u79c1\u304c\uff12\uff10\uff10\uff12\u5e74\u3053\u306e\u81ea\u52d5\u8eca\u7523\u696d\u306e\u6a5f\u68b0\u8a2d\u8a08\u3092\u5f93\u4e8b\u3057\u3001\uff12\uff10\u5e74\u4ee5\u4e0a\u56f3\u9762\u306e\u66f8\u304d\u65b9\u306e\u57fa\u790e\u3092\u8eab\u306b\u4ed8\u3051\u307e\u3057\u305f\u3002<\/strong><\/p>\n\n\n\n<p><strong>\u3053\u306e\u7d4c\u9a13\u3092\u6d3b\u304b\u305b\u3066\u3001\u81ea\u52d5\u8eca\u7523\u696d\u306e\u53f7\u53e3\u6a5f\u68b0\u53c8\u306f\u72ec\u81ea\u958b\u767a\u306e\u8a2d\u8a08\u3092\u884c\u3063\u3066\u3044\u304d\u307e\u3059\u3002<\/strong><\/p>\n\n\n\n<p><strong>JVTeam\u682a\u5f0f\u4f1a\u793e\u306f\u3000J\uff08\u65e5\u672c\uff09\u3068\u3000V\uff08\u30d9\u30c8\u30ca\u30e0)\u3068\u306e\u30d6\u30ea\u30c3\u30b8\u4eba\u6750\u306e\u5f79\u5272\u306b\u306a\u308b\u5922\u3092\u76ee\u6307\u3057\u307e\u3059\u3002<\/strong><\/p>\n\n\n\n<p><strong>\u304a\u5ba2\u69d8\u306e\u30cb\u30fc\u30ba\u306b\u304a\u7b54\u3048\u3067\u304d\u308b\u3088\u3046\u5e38\u306b\u6700\u9ad8\u306e\u8a2d\u8a08\u3092\u8ffd\u6c42\u3057\u3066\u3044\u304d\u307e\u3059\u3002<\/strong><\/p>\n\n\n\n<p><strong>\u4ee3\u8868\u53d6\u7de0\u5f79<\/strong><\/p>\n\n\n\n<p><strong>\u30ec\u3000\u30bf\u30a4\u30f3\u3000\u30bf\u30e0<\/strong><\/p>\n\n\n\n<p><strong>L\u00ea &nbsp;Th\u00e0nh &nbsp;T\u00e2m<\/strong><\/p>\n\n\n\n<figure class=\"wp-block-gallery alignleft has-nested-images columns-default is-cropped wp-block-gallery-1 is-layout-flex wp-block-gallery-is-layout-flex\">\n<figure class=\"wp-block-image size-large\"><img loading=\"lazy\" decoding=\"async\" width=\"1024\" height=\"365\" data-id=\"232\" src=\"https:\/\/jvteam.jp\/wp-content\/uploads\/2024\/08\/\u8077\u6b74-1-1024x365.png\" alt=\"\" class=\"wp-image-232\" srcset=\"https:\/\/jvteam.jp\/wp-content\/uploads\/2024\/08\/\u8077\u6b74-1-1024x365.png 1024w, https:\/\/jvteam.jp\/wp-content\/uploads\/2024\/08\/\u8077\u6b74-1-300x107.png 300w, https:\/\/jvteam.jp\/wp-content\/uploads\/2024\/08\/\u8077\u6b74-1-768x273.png 768w, https:\/\/jvteam.jp\/wp-content\/uploads\/2024\/08\/\u8077\u6b74-1.png 1250w\" sizes=\"auto, (max-width: 1024px) 100vw, 1024px\" \/><\/figure>\n<\/figure>\n","protected":false},"excerpt":{"rendered":"<p>\u4ee3\u8868\u6328\u62f6 \u79c1\u304c\uff12\uff10\uff10\uff12\u5e74\u3053\u306e\u81ea\u52d5\u8eca\u7523\u696d\u306e\u6a5f\u68b0\u8a2d\u8a08\u3092\u5f93\u4e8b\u3057\u3001\uff12\uff10\u5e74\u4ee5\u4e0a\u56f3\u9762\u306e\u66f8\u304d\u65b9\u306e\u57fa\u790e\u3092\u8eab\u306b\u4ed8\u3051\u307e\u3057\u305f\u3002 \u3053\u306e\u7d4c\u9a13\u3092\u6d3b\u304b\u305b\u3066\u3001\u81ea\u52d5\u8eca\u7523\u696d\u306e\u53f7\u53e3\u6a5f\u68b0\u53c8\u306f\u72ec\u81ea\u958b\u767a\u306e\u8a2d\u8a08\u3092\u884c\u3063\u3066\u3044\u304d\u307e\u3059\u3002 JVTeam\u682a\u5f0f\u4f1a\u793e\u306f\u3000J\uff08\u65e5\u672c\uff09\u3068 [&hellip;]<\/p>\n","protected":false},"author":1,"featured_media":0,"parent":0,"menu_order":0,"comment_status":"closed","ping_status":"closed","template":"","meta":{"footnotes":""},"class_list":["post-147","page","type-page","status-publish","hentry"],"_links":{"self":[{"href":"https:\/\/jvteam.jp\/index.php?rest_route=\/wp\/v2\/pages\/147","targetHints":{"allow":["GET"]}}],"collection":[{"href":"https:\/\/jvteam.jp\/index.php?rest_route=\/wp\/v2\/pages"}],"about":[{"href":"https:\/\/jvteam.jp\/index.php?rest_route=\/wp\/v2\/types\/page"}],"author":[{"embeddable":true,"href":"https:\/\/jvteam.jp\/index.php?rest_route=\/wp\/v2\/users\/1"}],"replies":[{"embeddable":true,"href":"https:\/\/jvteam.jp\/index.php?rest_route=%2Fwp%2Fv2%2Fcomments&post=147"}],"version-history":[{"count":9,"href":"https:\/\/jvteam.jp\/index.php?rest_route=\/wp\/v2\/pages\/147\/revisions"}],"predecessor-version":[{"id":266,"href":"https:\/\/jvteam.jp\/index.php?rest_route=\/wp\/v2\/pages\/147\/revisions\/266"}],"wp:attachment":[{"href":"https:\/\/jvteam.jp\/index.php?rest_route=%2Fwp%2Fv2%2Fmedia&parent=147"}],"curies":[{"name":"wp","href":"https:\/\/api.w.org\/{rel}","templated":true}]}}