{"id":255,"date":"2024-09-17T19:02:01","date_gmt":"2024-09-17T10:02:01","guid":{"rendered":"https:\/\/jvteam.jp\/?page_id=255"},"modified":"2024-09-18T10:37:25","modified_gmt":"2024-09-18T01:37:25","slug":"tuyen-dung","status":"publish","type":"page","link":"https:\/\/jvteam.jp\/?page_id=255","title":{"rendered":"Tuy\u1ec3n d\u1ee5ng"},"content":{"rendered":"\n<p>JVTeam c\u1ea7n tuy\u1ec3n 2 b\u1ea1n bi\u1ebft s\u1eed d\u1ee5ng ICAD ho\u1eb7c CATIA<br>l\u00e0m vi\u1ec7c t\u1ea1i v\u0103n ph\u00f2ng c\u00f4ng ty t\u1ea1i \u8c4a\u7530\u5e02<\/p>\n\n\n\n<p>Y\u00eau c\u1ea7u<\/p>\n\n\n\n<ol class=\"wp-block-list\">\n<li>C\u00f2n h\u1ea1n visa &gt; 1 n\u0103m<\/li>\n\n\n\n<li>Ti\u1ebfng Nh\u1eadt \u2267 N3<\/li>\n\n\n\n<li>Y\u00eau th\u00edch k\u1ef9 thu\u1eadt, ch\u1ecbu kh\u00f3 h\u1ecdc h\u1ecfi<\/li>\n<\/ol>\n\n\n\n<p>JVTeam v\u1edbi mong mu\u1ed1n t\u1ea1o ra 1 m\u00f4i tr\u01b0\u1eddng l\u00e0m vi\u1ec7c m\u1edbi cho k\u1ef9 s\u01b0 ng\u01b0\u1eddi Vi\u1ec7t tr\u00ean \u0111\u1ea5t Nh\u1eadt,<br>H\u00e3y tham gia c\u00f9ng ch\u00fang t\u00f4i!<\/p>\n\n\n\n<p>Vui l\u00f2ng li\u00ean h\u1ec7  <a href=\"mailto:jvteam.co@gmail.com\">jvteam.co@gmail.com<\/a><\/p>\n\n\n\n<p><\/p>\n\n\n\n<figure class=\"wp-block-image size-large\"><img loading=\"lazy\" decoding=\"async\" width=\"1024\" height=\"576\" src=\"https:\/\/jvteam.jp\/wp-content\/uploads\/2024\/09\/2024-09-09-1.png_0001-1-1024x576.png\" alt=\"\" class=\"wp-image-257\" srcset=\"https:\/\/jvteam.jp\/wp-content\/uploads\/2024\/09\/2024-09-09-1.png_0001-1-1024x576.png 1024w, https:\/\/jvteam.jp\/wp-content\/uploads\/2024\/09\/2024-09-09-1.png_0001-1-300x169.png 300w, https:\/\/jvteam.jp\/wp-content\/uploads\/2024\/09\/2024-09-09-1.png_0001-1-768x432.png 768w, https:\/\/jvteam.jp\/wp-content\/uploads\/2024\/09\/2024-09-09-1.png_0001-1-320x180.png 320w, https:\/\/jvteam.jp\/wp-content\/uploads\/2024\/09\/2024-09-09-1.png_0001-1.png 1280w\" sizes=\"auto, (max-width: 1024px) 100vw, 1024px\" \/><\/figure>\n","protected":false},"excerpt":{"rendered":"<p>JVTeam c\u1ea7n tuy\u1ec3n 2 b\u1ea1n bi\u1ebft s\u1eed d\u1ee5ng ICAD ho\u1eb7c CATIAl\u00e0m vi\u1ec7c t\u1ea1i v\u0103n ph\u00f2ng c\u00f4ng ty t\u1ea1i \u8c4a\u7530\u5e02 Y\u00eau c\u1ea7u JVTeam v\u1edbi m [&hellip;]<\/p>\n","protected":false},"author":1,"featured_media":0,"parent":0,"menu_order":0,"comment_status":"closed","ping_status":"closed","template":"","meta":{"footnotes":""},"class_list":["post-255","page","type-page","status-publish","hentry"],"_links":{"self":[{"href":"https:\/\/jvteam.jp\/index.php?rest_route=\/wp\/v2\/pages\/255","targetHints":{"allow":["GET"]}}],"collection":[{"href":"https:\/\/jvteam.jp\/index.php?rest_route=\/wp\/v2\/pages"}],"about":[{"href":"https:\/\/jvteam.jp\/index.php?rest_route=\/wp\/v2\/types\/page"}],"author":[{"embeddable":true,"href":"https:\/\/jvteam.jp\/index.php?rest_route=\/wp\/v2\/users\/1"}],"replies":[{"embeddable":true,"href":"https:\/\/jvteam.jp\/index.php?rest_route=%2Fwp%2Fv2%2Fcomments&post=255"}],"version-history":[{"count":4,"href":"https:\/\/jvteam.jp\/index.php?rest_route=\/wp\/v2\/pages\/255\/revisions"}],"predecessor-version":[{"id":264,"href":"https:\/\/jvteam.jp\/index.php?rest_route=\/wp\/v2\/pages\/255\/revisions\/264"}],"wp:attachment":[{"href":"https:\/\/jvteam.jp\/index.php?rest_route=%2Fwp%2Fv2%2Fmedia&parent=255"}],"curies":[{"name":"wp","href":"https:\/\/api.w.org\/{rel}","templated":true}]}}